{"id":4988,"date":"2019-05-12T02:43:32","date_gmt":"2019-05-12T05:43:32","guid":{"rendered":"https:\/\/treinamentoesportivo.com\/?page_id=4988"},"modified":"2023-03-28T13:15:51","modified_gmt":"2023-03-28T16:15:51","slug":"curso-online-pliometria","status":"publish","type":"page","link":"https:\/\/treinamentoesportivo.com\/index.php\/curso-online-pliometria\/","title":{"rendered":"Curso Online Pliometria nos Esportes"},"content":{"rendered":"\n<div style=\"height:40px\" aria-hidden=\"true\" class=\"wp-block-spacer\"><\/div>\n\n\n\n<h3 class=\"wp-block-heading\">Veja no v\u00eddeo todo o conte\u00fado do curso<\/h3>\n\n\n\n<figure class=\"wp-block-embed is-type-video is-provider-vimeo wp-block-embed-vimeo wp-embed-aspect-16-9 wp-has-aspect-ratio\"><div class=\"wp-block-embed__wrapper\">\n<iframe loading=\"lazy\" title=\"Apresenta&amp;ccedil;&amp;atilde;o do Curso!\" src=\"https:\/\/player.vimeo.com\/video\/649553913?h=e4672a6b15&amp;dnt=1&amp;app_id=122963\" width=\"800\" height=\"450\" frameborder=\"0\" allow=\"autoplay; fullscreen; picture-in-picture\" allowfullscreen><\/iframe>\n<\/div><\/figure>\n\n\n\n<div style=\"height:54px\" aria-hidden=\"true\" class=\"wp-block-spacer\"><\/div>\n\n\n\n<hr class=\"wp-block-separator has-css-opacity\"\/>\n\n\n\n<h4 class=\"has-text-align-center wp-block-heading\" id=\"oferta-somente-ate-o-dia-31-marco\"> OFERTA DE LAN\u00c7AMENTO<\/h4>\n\n\n\n<p class=\"has-text-align-center has-black-color has-text-color has-background\" style=\"background-color:#f9fa00\"><strong>VALOR PROMOCIONAL COM 35% DESCONTO<\/strong>!<\/p>\n\n\n\n<p class=\"has-text-align-center has-very-dark-gray-color has-very-light-gray-background-color has-text-color has-background\"><strong>Valor: <\/strong>de <s>150,00<\/s> por apenas <strong>R$ 97,00<\/strong> (\u00e1 vista) . At\u00e9 10x no cart\u00e3o<\/p>\n\n\n\n<div class=\"wp-block-button aligncenter\"><a class=\"wp-block-button__link has-vivid-red-background-color has-background no-border-radius wp-element-button\" href=\"https:\/\/pay.kiwify.com.br\/GbATyL8\">+ Comprar<\/a><\/div>\n\n\n\n<p class=\"has-text-align-center has-small-font-size\">*Compre e receba acesso imediato ao curso!<\/p>\n\n\n\n<div style=\"height:47px\" aria-hidden=\"true\" class=\"wp-block-spacer\"><\/div>\n\n\n\n<h4 class=\"wp-block-heading\" id=\"neste-curso-voce-vai-aprender\">Neste curso voc\u00ea vai aprender<\/h4>\n\n\n\n<div class=\"wp-block-columns has-3-columns is-layout-flex wp-container-core-columns-is-layout-9d6595d7 wp-block-columns-is-layout-flex\">\n<div class=\"wp-block-column is-layout-flow wp-block-column-is-layout-flow\"><div class=\"wp-block-image\">\n<figure class=\"aligncenter\"><img loading=\"lazy\" decoding=\"async\" width=\"48\" height=\"48\" src=\"https:\/\/treinamentoesportivo.com\/wp-content\/uploads\/2012\/09\/tick.png\" alt=\"\" class=\"wp-image-2423\"\/><\/figure>\n<\/div>\n\n\n<p class=\"has-text-align-left has-medium-font-size\">Como usar pliometria para ganhos de acelera\u00e7\u00e3o, saltos e mudan\u00e7as de dire\u00e7\u00e3o <\/p>\n<\/div>\n\n\n\n<div class=\"wp-block-column is-layout-flow wp-block-column-is-layout-flow\"><div class=\"wp-block-image\">\n<figure class=\"aligncenter\"><img loading=\"lazy\" decoding=\"async\" width=\"48\" height=\"48\" src=\"https:\/\/treinamentoesportivo.com\/wp-content\/uploads\/2012\/09\/tick.png\" alt=\"\" class=\"wp-image-2423\"\/><\/figure>\n<\/div>\n\n\n<p class=\"has-medium-font-size\">Passo-a-passo de como avaliar a reatividade do seu atleta e montar seu pr\u00f3pio protocolo de testes.<\/p>\n<\/div>\n\n\n\n<div class=\"wp-block-column is-layout-flow wp-block-column-is-layout-flow\"><div class=\"wp-block-image\">\n<figure class=\"aligncenter\"><img loading=\"lazy\" decoding=\"async\" width=\"48\" height=\"48\" src=\"https:\/\/treinamentoesportivo.com\/wp-content\/uploads\/2012\/09\/tick.png\" alt=\"\" class=\"wp-image-2423\"\/><\/figure>\n<\/div>\n\n\n<p class=\"has-medium-font-size\">Diversos exerc\u00edcios analisados em v\u00eddeo para voc\u00ea implementar rapidamente o m\u00e9todo<\/p>\n<\/div>\n<\/div>\n\n\n\n<div style=\"height:60px\" aria-hidden=\"true\" class=\"wp-block-spacer\"><\/div>\n\n\n\n<figure class=\"wp-block-embed is-type-video is-provider-vimeo wp-block-embed-vimeo wp-embed-aspect-16-9 wp-has-aspect-ratio\"><div class=\"wp-block-embed__wrapper\">\n<iframe loading=\"lazy\" title=\"Assista uma aula!\" src=\"https:\/\/player.vimeo.com\/video\/649533732?h=06fb9ec439&amp;dnt=1&amp;app_id=122963\" width=\"800\" height=\"450\" frameborder=\"0\" allow=\"autoplay; fullscreen; picture-in-picture\" allowfullscreen><\/iframe>\n<\/div><\/figure>\n\n\n\n<div style=\"height:40px\" aria-hidden=\"true\" class=\"wp-block-spacer\"><\/div>\n\n\n\n<h4 class=\"wp-block-heading\" id=\"sobre-o-curso-online\">SOBRE O CURSO ONLINE<\/h4>\n\n\n\n<div class=\"wp-block-group\"><div class=\"wp-block-group__inner-container is-layout-constrained wp-block-group-is-layout-constrained\">\n<p class=\"has-medium-font-size\">\u2714\ufe0f Acesso imediato e ilimitado ap\u00f3s o pagamento<\/p>\n\n\n\n<p class=\"has-medium-font-size\">\u2714\ufe0f Acesso imediato e ilimitado ap\u00f3s o pagamento<\/p>\n\n\n\n<p class=\"has-medium-font-size\">\u2714\ufe0f Multi-plataforma: assista no seu dispositivo favorito <\/p>\n\n\n\n<p class=\"has-medium-font-size\">\u2714\ufe0f Material de apoio as aulas (planilhas, artigos, links) para baixar<\/p>\n\n\n\n<p class=\"has-medium-font-size\">\u2714\ufe0f  Acesso sem custo a qualquer atualiza\u00e7\u00e3o futura<\/p>\n\n\n\n<p class=\"has-medium-font-size\">\u2714\ufe0f  Certificado digital de Conclus\u00e3o <\/p>\n<\/div><\/div>\n\n\n\n<div style=\"height:45px\" aria-hidden=\"true\" class=\"wp-block-spacer\"><\/div>\n\n\n\n<h4 class=\"wp-block-heading\" id=\"sobre-o-curso-online\">CONTE\u00daDO DAS AULAS:<\/h4>\n\n\n<div class=\"wp-block-image is-style-default\">\n<figure class=\"aligncenter size-full\"><a href=\"https:\/\/treinamentoesportivo.com\/wp-content\/uploads\/2023\/02\/aulas-plio-021.png\"><img loading=\"lazy\" decoding=\"async\" width=\"884\" height=\"1580\" src=\"https:\/\/treinamentoesportivo.com\/wp-content\/uploads\/2023\/02\/aulas-plio-021.png\" alt=\"\" class=\"wp-image-5956\" srcset=\"https:\/\/treinamentoesportivo.com\/wp-content\/uploads\/2023\/02\/aulas-plio-021.png 884w, https:\/\/treinamentoesportivo.com\/wp-content\/uploads\/2023\/02\/aulas-plio-021-168x300.png 168w, https:\/\/treinamentoesportivo.com\/wp-content\/uploads\/2023\/02\/aulas-plio-021-573x1024.png 573w, https:\/\/treinamentoesportivo.com\/wp-content\/uploads\/2023\/02\/aulas-plio-021-768x1373.png 768w, https:\/\/treinamentoesportivo.com\/wp-content\/uploads\/2023\/02\/aulas-plio-021-859x1536.png 859w, https:\/\/treinamentoesportivo.com\/wp-content\/uploads\/2023\/02\/aulas-plio-021-730x1305.png 730w, https:\/\/treinamentoesportivo.com\/wp-content\/uploads\/2023\/02\/aulas-plio-021-435x777.png 435w\" sizes=\"auto, (max-width: 884px) 100vw, 884px\" \/><\/a><\/figure>\n<\/div>\n\n\n<div style=\"height:60px\" aria-hidden=\"true\" class=\"wp-block-spacer\"><\/div>\n\n\n\n<p class=\"has-text-align-left has-vivid-cyan-blue-color has-very-light-gray-background-color has-text-color has-background has-medium-font-size\"><strong>B\u00d4NUS:<\/strong> acesso exclusivo ao meu Grupo privado de prepara\u00e7\u00e3o f\u00edsica. Tiro suas d\u00favidas diretamente por l\u00e1! (* recentemente migramos do whatsapp para o Telegram, assim voc\u00ea acessa a todas as mensagens e materiais j\u00e1 trocados!)<\/p>\n\n\n<div class=\"wp-block-image\">\n<figure class=\"aligncenter size-large\"><img loading=\"lazy\" decoding=\"async\" width=\"250\" height=\"250\" src=\"https:\/\/treinamentoesportivo.com\/wp-content\/uploads\/2020\/03\/Grupo-TEcom-whatsapp-1.gif\" alt=\"\" class=\"wp-image-5088\"\/><figcaption class=\"wp-element-caption\">Receba conte\u00fado exclusivo no Grupo com +100 treinadores!<\/figcaption><\/figure>\n<\/div>\n\n\n<div style=\"height:62px\" aria-hidden=\"true\" class=\"wp-block-spacer\"><\/div>\n\n\n\n<h4 class=\"wp-block-heading\" id=\"depoimentos-de-quem-ja-fez-o-cursos\">Depoimentos de quem j\u00e1 fez o cursos:<\/h4>\n\n\n\n<figure class=\"wp-block-image size-full\"><a href=\"https:\/\/treinamentoesportivo.com\/wp-content\/uploads\/2022\/04\/EDU-FARIA.jpg\"><img loading=\"lazy\" decoding=\"async\" width=\"392\" height=\"285\" src=\"https:\/\/treinamentoesportivo.com\/wp-content\/uploads\/2022\/04\/EDU-FARIA.jpg\" alt=\"\" class=\"wp-image-5616\" srcset=\"https:\/\/treinamentoesportivo.com\/wp-content\/uploads\/2022\/04\/EDU-FARIA.jpg 392w, https:\/\/treinamentoesportivo.com\/wp-content\/uploads\/2022\/04\/EDU-FARIA-300x218.jpg 300w\" sizes=\"auto, (max-width: 392px) 100vw, 392px\" \/><\/a><\/figure>\n\n\n\n<figure class=\"wp-block-image size-large is-style-default\"><a href=\"https:\/\/treinamentoesportivo.com\/wp-content\/uploads\/2022\/01\/WhatsApp-Image-2022-01-24-at-22.35.20.jpeg\"><img loading=\"lazy\" decoding=\"async\" width=\"637\" height=\"1024\" src=\"https:\/\/treinamentoesportivo.com\/wp-content\/uploads\/2022\/01\/WhatsApp-Image-2022-01-24-at-22.35.20-637x1024.jpeg\" alt=\"\" class=\"wp-image-5523\" srcset=\"https:\/\/treinamentoesportivo.com\/wp-content\/uploads\/2022\/01\/WhatsApp-Image-2022-01-24-at-22.35.20-637x1024.jpeg 637w, https:\/\/treinamentoesportivo.com\/wp-content\/uploads\/2022\/01\/WhatsApp-Image-2022-01-24-at-22.35.20-187x300.jpeg 187w, https:\/\/treinamentoesportivo.com\/wp-content\/uploads\/2022\/01\/WhatsApp-Image-2022-01-24-at-22.35.20-768x1234.jpeg 768w, https:\/\/treinamentoesportivo.com\/wp-content\/uploads\/2022\/01\/WhatsApp-Image-2022-01-24-at-22.35.20-956x1536.jpeg 956w, https:\/\/treinamentoesportivo.com\/wp-content\/uploads\/2022\/01\/WhatsApp-Image-2022-01-24-at-22.35.20-730x1173.jpeg 730w, https:\/\/treinamentoesportivo.com\/wp-content\/uploads\/2022\/01\/WhatsApp-Image-2022-01-24-at-22.35.20-435x699.jpeg 435w, https:\/\/treinamentoesportivo.com\/wp-content\/uploads\/2022\/01\/WhatsApp-Image-2022-01-24-at-22.35.20.jpeg 996w\" sizes=\"auto, (max-width: 637px) 100vw, 637px\" \/><\/a><\/figure>\n\n\n\n<figure class=\"wp-block-image size-large is-resized is-style-default\"><a href=\"https:\/\/treinamentoesportivo.com\/wp-content\/uploads\/2021\/11\/titulo-video-aula-16.png\"><img loading=\"lazy\" decoding=\"async\" src=\"https:\/\/treinamentoesportivo.com\/wp-content\/uploads\/2021\/11\/titulo-video-aula-16-1024x576.png\" alt=\"\" class=\"wp-image-5189\" width=\"768\" height=\"432\" srcset=\"https:\/\/treinamentoesportivo.com\/wp-content\/uploads\/2021\/11\/titulo-video-aula-16-1024x576.png 1024w, https:\/\/treinamentoesportivo.com\/wp-content\/uploads\/2021\/11\/titulo-video-aula-16-300x169.png 300w, https:\/\/treinamentoesportivo.com\/wp-content\/uploads\/2021\/11\/titulo-video-aula-16-768x432.png 768w, https:\/\/treinamentoesportivo.com\/wp-content\/uploads\/2021\/11\/titulo-video-aula-16-1536x864.png 1536w, https:\/\/treinamentoesportivo.com\/wp-content\/uploads\/2021\/11\/titulo-video-aula-16-730x411.png 730w, https:\/\/treinamentoesportivo.com\/wp-content\/uploads\/2021\/11\/titulo-video-aula-16-435x245.png 435w, https:\/\/treinamentoesportivo.com\/wp-content\/uploads\/2021\/11\/titulo-video-aula-16.png 1920w\" sizes=\"auto, (max-width: 768px) 100vw, 768px\" \/><\/a><\/figure>\n\n\n\n<figure class=\"wp-block-image size-large is-resized is-style-default\"><a href=\"https:\/\/treinamentoesportivo.com\/wp-content\/uploads\/2021\/11\/titulo-video-aula-17.png\"><img loading=\"lazy\" decoding=\"async\" src=\"https:\/\/treinamentoesportivo.com\/wp-content\/uploads\/2021\/11\/titulo-video-aula-17-1024x576.png\" alt=\"\" class=\"wp-image-5192\" width=\"768\" height=\"432\" srcset=\"https:\/\/treinamentoesportivo.com\/wp-content\/uploads\/2021\/11\/titulo-video-aula-17-1024x576.png 1024w, https:\/\/treinamentoesportivo.com\/wp-content\/uploads\/2021\/11\/titulo-video-aula-17-300x169.png 300w, https:\/\/treinamentoesportivo.com\/wp-content\/uploads\/2021\/11\/titulo-video-aula-17-768x432.png 768w, https:\/\/treinamentoesportivo.com\/wp-content\/uploads\/2021\/11\/titulo-video-aula-17-1536x864.png 1536w, https:\/\/treinamentoesportivo.com\/wp-content\/uploads\/2021\/11\/titulo-video-aula-17-730x411.png 730w, https:\/\/treinamentoesportivo.com\/wp-content\/uploads\/2021\/11\/titulo-video-aula-17-435x245.png 435w, https:\/\/treinamentoesportivo.com\/wp-content\/uploads\/2021\/11\/titulo-video-aula-17.png 1920w\" sizes=\"auto, (max-width: 768px) 100vw, 768px\" \/><\/a><figcaption class=\"wp-element-caption\"><strong>Veja mais depoimentos <a href=\"https:\/\/www.facebook.com\/treinamento.esportivo\/photos\/a.169455403120210.41685.166515300080887\/1507904055941998\/?type=3&amp;theater\">aqui &gt;&gt;<\/a><\/strong><\/figcaption><\/figure>\n\n\n\n<div style=\"height:92px\" aria-hidden=\"true\" class=\"wp-block-spacer\"><\/div>\n\n\n\n<hr class=\"wp-block-separator has-css-opacity\"\/>\n\n\n\n<h4 class=\"wp-block-heading\" id=\"responsavel-tecnico\">Respons\u00e1vel T\u00e9cnico<\/h4>\n\n\n\n<div style=\"height:20px\" aria-hidden=\"true\" class=\"wp-block-spacer\"><\/div>\n\n\n\n<div class=\"wp-block-media-text alignwide is-stacked-on-mobile\" style=\"grid-template-columns:43% auto\"><figure class=\"wp-block-media-text__media\"><img loading=\"lazy\" decoding=\"async\" width=\"1024\" height=\"768\" src=\"https:\/\/treinamentoesportivo.com\/wp-content\/uploads\/2019\/10\/sp-04-1024x768.jpeg\" alt=\"\" class=\"wp-image-5070 size-full\" srcset=\"https:\/\/treinamentoesportivo.com\/wp-content\/uploads\/2019\/10\/sp-04-1024x768.jpeg 1024w, https:\/\/treinamentoesportivo.com\/wp-content\/uploads\/2019\/10\/sp-04-300x225.jpeg 300w, https:\/\/treinamentoesportivo.com\/wp-content\/uploads\/2019\/10\/sp-04-768x576.jpeg 768w, https:\/\/treinamentoesportivo.com\/wp-content\/uploads\/2019\/10\/sp-04-730x548.jpeg 730w, https:\/\/treinamentoesportivo.com\/wp-content\/uploads\/2019\/10\/sp-04-435x326.jpeg 435w, https:\/\/treinamentoesportivo.com\/wp-content\/uploads\/2019\/10\/sp-04-80x60.jpeg 80w, https:\/\/treinamentoesportivo.com\/wp-content\/uploads\/2019\/10\/sp-04.jpeg 1280w\" sizes=\"auto, (max-width: 1024px) 100vw, 1024px\" \/><\/figure><div class=\"wp-block-media-text__content\">\n<p><strong>Jo\u00e3o Coutinho<\/strong>&nbsp;(cref 25473-G\/SP), preparador f\u00edsico de atletas juvenis e profissionais de t\u00eanis. Ministra os cursos Pliometria e LPO na prepara\u00e7\u00e3o f\u00edsica desde 2010, tendo ensinado centenas profissionais em todo o Brasil. <\/p>\n\n\n\n<p>\n\nBacharel em Esporte (USP), especialista em for\u00e7a e pot\u00eancia (Argentina). Possui curso t\u00e9cnico internacional de LPO (COI)\n\n<\/p>\n\n\n\n<p> Trabalhou com atletas profissionais de volei, futebol, jud\u00f4 e handebol. Prestou consultoria na parte de for\u00e7a e pot\u00eancia para Sele\u00e7\u00e3o Brasileira de Rugby feminino, Escola EDF do Ex\u00e9rcito (ESEFEx) e G.E. Barueri <\/p>\n<\/div><\/div>\n","protected":false},"excerpt":{"rendered":"<p>Veja no v\u00eddeo todo o conte\u00fado do curso OFERTA DE LAN\u00c7AMENTO VALOR PROMOCIONAL COM 35% DESCONTO! Valor: de 150,00 por apenas R$ 97,00 (\u00e1 vista) . At\u00e9 10x no cart\u00e3o [&hellip;]<\/p>\n","protected":false},"author":1,"featured_media":0,"parent":0,"menu_order":0,"comment_status":"closed","ping_status":"closed","template":"page-templates\/page_fullwidth.php","meta":{"footnotes":""},"class_list":["post-4988","page","type-page","status-publish","hentry","clearfix"],"_links":{"self":[{"href":"https:\/\/treinamentoesportivo.com\/index.php\/wp-json\/wp\/v2\/pages\/4988","targetHints":{"allow":["GET"]}}],"collection":[{"href":"https:\/\/treinamentoesportivo.com\/index.php\/wp-json\/wp\/v2\/pages"}],"about":[{"href":"https:\/\/treinamentoesportivo.com\/index.php\/wp-json\/wp\/v2\/types\/page"}],"author":[{"embeddable":true,"href":"https:\/\/treinamentoesportivo.com\/index.php\/wp-json\/wp\/v2\/users\/1"}],"replies":[{"embeddable":true,"href":"https:\/\/treinamentoesportivo.com\/index.php\/wp-json\/wp\/v2\/comments?post=4988"}],"version-history":[{"count":75,"href":"https:\/\/treinamentoesportivo.com\/index.php\/wp-json\/wp\/v2\/pages\/4988\/revisions"}],"predecessor-version":[{"id":5989,"href":"https:\/\/treinamentoesportivo.com\/index.php\/wp-json\/wp\/v2\/pages\/4988\/revisions\/5989"}],"wp:attachment":[{"href":"https:\/\/treinamentoesportivo.com\/index.php\/wp-json\/wp\/v2\/media?parent=4988"}],"curies":[{"name":"wp","href":"https:\/\/api.w.org\/{rel}","templated":true}]}}