{"id":4854,"date":"2019-01-29T02:24:45","date_gmt":"2019-01-29T04:24:45","guid":{"rendered":"https:\/\/treinamentoesportivo.com\/?page_id=4854"},"modified":"2021-11-02T09:29:24","modified_gmt":"2021-11-02T12:29:24","slug":"bonus-curso-online-periodizacao","status":"publish","type":"page","link":"https:\/\/treinamentoesportivo.com\/index.php\/bonus-curso-online-periodizacao\/","title":{"rendered":"B\u00d4NUS: Curso online Periodiza\u00e7\u00e3o"},"content":{"rendered":"","protected":true},"excerpt":{"rendered":"","protected":true},"author":1,"featured_media":0,"parent":0,"menu_order":0,"comment_status":"closed","ping_status":"closed","template":"","meta":{"footnotes":""},"class_list":["post-4854","page","type-page","status-publish","post-password-required","hentry","clearfix"],"_links":{"self":[{"href":"https:\/\/treinamentoesportivo.com\/index.php\/wp-json\/wp\/v2\/pages\/4854","targetHints":{"allow":["GET"]}}],"collection":[{"href":"https:\/\/treinamentoesportivo.com\/index.php\/wp-json\/wp\/v2\/pages"}],"about":[{"href":"https:\/\/treinamentoesportivo.com\/index.php\/wp-json\/wp\/v2\/types\/page"}],"author":[{"embeddable":true,"href":"https:\/\/treinamentoesportivo.com\/index.php\/wp-json\/wp\/v2\/users\/1"}],"replies":[{"embeddable":true,"href":"https:\/\/treinamentoesportivo.com\/index.php\/wp-json\/wp\/v2\/comments?post=4854"}],"version-history":[{"count":5,"href":"https:\/\/treinamentoesportivo.com\/index.php\/wp-json\/wp\/v2\/pages\/4854\/revisions"}],"predecessor-version":[{"id":5182,"href":"https:\/\/treinamentoesportivo.com\/index.php\/wp-json\/wp\/v2\/pages\/4854\/revisions\/5182"}],"wp:attachment":[{"href":"https:\/\/treinamentoesportivo.com\/index.php\/wp-json\/wp\/v2\/media?parent=4854"}],"curies":[{"name":"wp","href":"https:\/\/api.w.org\/{rel}","templated":true}]}}