{"id":2923,"date":"2014-08-07T22:07:01","date_gmt":"2014-08-08T01:07:01","guid":{"rendered":"https:\/\/treinamentoesportivo.com\/?page_id=2923"},"modified":"2022-10-29T17:34:26","modified_gmt":"2022-10-29T20:34:26","slug":"livros","status":"publish","type":"page","link":"https:\/\/treinamentoesportivo.com\/index.php\/livros\/","title":{"rendered":"Livros e Ebooks"},"content":{"rendered":"\n<div class=\"wp-block-media-text alignwide is-stacked-on-mobile\"><figure class=\"wp-block-media-text__media\"><img loading=\"lazy\" decoding=\"async\" width=\"1024\" height=\"785\" src=\"https:\/\/treinamentoesportivo.com\/wp-content\/uploads\/2022\/10\/1667074959-1024x785.png\" alt=\"\" class=\"wp-image-5839 size-full\" srcset=\"https:\/\/treinamentoesportivo.com\/wp-content\/uploads\/2022\/10\/1667074959-1024x785.png 1024w, https:\/\/treinamentoesportivo.com\/wp-content\/uploads\/2022\/10\/1667074959-300x230.png 300w, https:\/\/treinamentoesportivo.com\/wp-content\/uploads\/2022\/10\/1667074959-768x589.png 768w, https:\/\/treinamentoesportivo.com\/wp-content\/uploads\/2022\/10\/1667074959-730x560.png 730w, https:\/\/treinamentoesportivo.com\/wp-content\/uploads\/2022\/10\/1667074959-435x334.png 435w, https:\/\/treinamentoesportivo.com\/wp-content\/uploads\/2022\/10\/1667074959-80x60.png 80w, https:\/\/treinamentoesportivo.com\/wp-content\/uploads\/2022\/10\/1667074959.png 1500w\" sizes=\"auto, (max-width: 1024px) 100vw, 1024px\" \/><\/figure><div class=\"wp-block-media-text__content\">\n<p> Como utilizar o LPO na prepara\u00e7\u00e3o f\u00edsica? Este livro \u00e9 a base do Curso Pot\u00eancia, que \u00e9 ministrado de forma presencial desde 2010. Dispon\u00edvel em vers\u00e3o impressa e digital (ebook)  <\/p>\n\n\n\n<div class=\"wp-block-button\"><a class=\"wp-block-button__link has-vivid-cyan-blue-background-color has-background\" href=\"https:\/\/treinamentoesportivo.com\/index.php\/produtos\/livro-levantamentos-explosivos\/\">+ Saiba mais<\/a><\/div>\n<\/div><\/div>\n\n\n\n<hr class=\"wp-block-separator has-css-opacity\"\/>\n\n\n\n<div class=\"wp-block-media-text alignwide is-stacked-on-mobile\"><figure class=\"wp-block-media-text__media\"><img loading=\"lazy\" decoding=\"async\" width=\"1024\" height=\"785\" src=\"https:\/\/treinamentoesportivo.com\/wp-content\/uploads\/2022\/10\/1667074919-1024x785.png\" alt=\"\" class=\"wp-image-5840 size-full\" srcset=\"https:\/\/treinamentoesportivo.com\/wp-content\/uploads\/2022\/10\/1667074919-1024x785.png 1024w, https:\/\/treinamentoesportivo.com\/wp-content\/uploads\/2022\/10\/1667074919-300x230.png 300w, https:\/\/treinamentoesportivo.com\/wp-content\/uploads\/2022\/10\/1667074919-768x589.png 768w, https:\/\/treinamentoesportivo.com\/wp-content\/uploads\/2022\/10\/1667074919-730x560.png 730w, https:\/\/treinamentoesportivo.com\/wp-content\/uploads\/2022\/10\/1667074919-435x334.png 435w, https:\/\/treinamentoesportivo.com\/wp-content\/uploads\/2022\/10\/1667074919-80x60.png 80w, https:\/\/treinamentoesportivo.com\/wp-content\/uploads\/2022\/10\/1667074919.png 1500w\" sizes=\"auto, (max-width: 1024px) 100vw, 1024px\" \/><\/figure><div class=\"wp-block-media-text__content\">\n<p>O livro PLIOMETRIA: Sequ\u00eancia Racional, tem esse nome pois \u00e9 a forma como aplico treinamento pliom\u00e9trico com atletas e iniciantes: pr\u00e1tica baseada em ci\u00eancia! <\/p>\n\n\n\n<div class=\"wp-block-button\"><a class=\"wp-block-button__link has-vivid-cyan-blue-background-color has-background\" href=\"http:\/\/bit.ly\/plio_livro\">+ Saiba mais<\/a><\/div>\n<\/div><\/div>\n\n\n\n<hr class=\"wp-block-separator has-css-opacity\"\/>\n\n\n\n<div class=\"wp-block-media-text alignwide is-stacked-on-mobile\"><figure class=\"wp-block-media-text__media\"><img loading=\"lazy\" decoding=\"async\" width=\"400\" height=\"300\" src=\"https:\/\/treinamentoesportivo.com\/wp-content\/uploads\/2014\/08\/ebook_X_12.png\" alt=\"\" class=\"wp-image-4515 size-full\" srcset=\"https:\/\/treinamentoesportivo.com\/wp-content\/uploads\/2014\/08\/ebook_X_12.png 400w, https:\/\/treinamentoesportivo.com\/wp-content\/uploads\/2014\/08\/ebook_X_12-300x225.png 300w\" sizes=\"auto, (max-width: 400px) 100vw, 400px\" \/><\/figure><div class=\"wp-block-media-text__content\">\n<p>Quer saber mais sobre como utilizar o LPO na prepara\u00e7\u00e3o f\u00edsica? Este livro \u00e9 refer\u00eancia no assunto com diversos exemplos reais aqui no Brasil. Pref\u00e1cio de Tam\u00e1s Feher (t\u00e9c. LPO Hungria) e Jos\u00e9 Roberto Guimar\u00e3es (t\u00e9c. sele\u00e7\u00e3o volei) <\/p>\n\n\n\n<div class=\"wp-block-button\"><a class=\"wp-block-button__link has-vivid-cyan-blue-background-color has-background\" href=\"https:\/\/www.amazon.com.br\/For%C3%A7a-Pot%C3%AAncia-Esporte-Levantamento-Ol%C3%ADmpico\/dp\/8527411199\/ref=sr_1_1?crid=38VBTSNRBYS02&amp;keywords=for%C3%A7a+e+potencia+no+esporte&amp;qid=1652199557&amp;sprefix=for%C3%A7a+e+potenci%2Caps%2C272&amp;sr=8-1\">+ Saiba mais<\/a><\/div>\n<\/div><\/div>\n\n\n\n<hr class=\"wp-block-separator has-css-opacity\"\/>\n\n\n\n<div class=\"wp-block-media-text alignwide is-stacked-on-mobile\"><figure class=\"wp-block-media-text__media\"><img loading=\"lazy\" decoding=\"async\" width=\"400\" height=\"300\" src=\"https:\/\/treinamentoesportivo.com\/wp-content\/uploads\/2014\/08\/ebook_x_10.png\" alt=\"\" class=\"wp-image-4512 size-full\" srcset=\"https:\/\/treinamentoesportivo.com\/wp-content\/uploads\/2014\/08\/ebook_x_10.png 400w, https:\/\/treinamentoesportivo.com\/wp-content\/uploads\/2014\/08\/ebook_x_10-300x225.png 300w\" sizes=\"auto, (max-width: 400px) 100vw, 400px\" \/><\/figure><div class=\"wp-block-media-text__content\">\n<p>Neste e-Book o prof. Jo\u00e3o Coutinho explica os fundamentos do LPO e da Pliometria para o treinamento de pot\u00eancia (o tema de seus cursos presenciais!).  Aproveite  para aprimorar seus conhecimentos!<\/p>\n\n\n\n<div class=\"wp-block-button\"><a class=\"wp-block-button__link has-vivid-cyan-blue-background-color has-background\" href=\"https:\/\/treinamentoesportivo.com\/wp-content\/uploads\/2017\/08\/EBOOK-lpo_plio.pdf\">+ Download Gr\u00e1tis<\/a><\/div>\n<\/div><\/div>\n","protected":false},"excerpt":{"rendered":"","protected":false},"author":1,"featured_media":0,"parent":0,"menu_order":0,"comment_status":"open","ping_status":"open","template":"","meta":{"footnotes":""},"class_list":["post-2923","page","type-page","status-publish","hentry","clearfix"],"_links":{"self":[{"href":"https:\/\/treinamentoesportivo.com\/index.php\/wp-json\/wp\/v2\/pages\/2923","targetHints":{"allow":["GET"]}}],"collection":[{"href":"https:\/\/treinamentoesportivo.com\/index.php\/wp-json\/wp\/v2\/pages"}],"about":[{"href":"https:\/\/treinamentoesportivo.com\/index.php\/wp-json\/wp\/v2\/types\/page"}],"author":[{"embeddable":true,"href":"https:\/\/treinamentoesportivo.com\/index.php\/wp-json\/wp\/v2\/users\/1"}],"replies":[{"embeddable":true,"href":"https:\/\/treinamentoesportivo.com\/index.php\/wp-json\/wp\/v2\/comments?post=2923"}],"version-history":[{"count":68,"href":"https:\/\/treinamentoesportivo.com\/index.php\/wp-json\/wp\/v2\/pages\/2923\/revisions"}],"predecessor-version":[{"id":5842,"href":"https:\/\/treinamentoesportivo.com\/index.php\/wp-json\/wp\/v2\/pages\/2923\/revisions\/5842"}],"wp:attachment":[{"href":"https:\/\/treinamentoesportivo.com\/index.php\/wp-json\/wp\/v2\/media?parent=2923"}],"curies":[{"name":"wp","href":"https:\/\/api.w.org\/{rel}","templated":true}]}}